{"id":89,"date":"2016-11-15T04:16:54","date_gmt":"2016-11-15T04:16:54","guid":{"rendered":"http:\/\/localhost\/olmosbarhoumlaw\/?page_id=89"},"modified":"2024-05-08T09:26:18","modified_gmt":"2024-05-08T17:26:18","slug":"citizenship-naturalization","status":"publish","type":"page","link":"https:\/\/www.olmosbarhoumlaw.com\/es\/our-services\/citizenship-naturalization\/","title":{"rendered":"Ciudadan\u00eda y naturalizaci\u00f3n"},"content":{"rendered":"<div class=\"wpb-content-wrapper\"><p>[vc_row][vc_column][vc_column_text]<\/p>\r\n<h3><strong>APLICACIONES PARA LA CIUDADANIA ESTADOUNIDENSE <\/strong><\/h3>\r\n<p>La ciudadan\u00eda estadounidense se puede obtener desde nacimiento o despu\u00e9s del nacimiento dependiendo de ciertos requisitos.<\/p>\r\n<p><strong><u>Ciudadan\u00eda estadounidense por nacimiento o antes de cumplir 18 a\u00f1os <\/u><\/strong><\/p>\r\n<p>Si usted naci\u00f3 en Estados Unidos, usted es autom\u00e1ticamente ciudadano estadounidense por nacimiento. Sin embargo, si usted naci\u00f3 en el extranjero, usted puede ser ciudadano estadounidense si ten\u00eda un padre o ambos que eran ciudadanos estadounidenses al momento en que usted naci\u00f3 y cumple con otros requisitos. Usted tambi\u00e9n podr\u00eda ser elegible para obtener ciudadan\u00eda derivada de un padre o ambos antes de cumplir 18 a\u00f1os.<\/p>\r\n<p><strong><u>Ciudadan\u00eda estadounidense a trav\u00e9s de la naturalizaci\u00f3n <\/u><\/strong><\/p>\r\n<p>Si usted no es elegible para obtener la ciudadan\u00eda de sus padres al momento de nacer o antes de cumplir 18 a\u00f1os, todav\u00eda puede solicitarla a cualquier edad a trav\u00e9s del proceso de naturalizaci\u00f3n, siempre que cumpla con los siguientes requisitos:<\/p>\r\n<ol>\r\n\t<li>Usted ha sido residente permanente (tiene Tarjeta Verde) al menos por 5 a\u00f1os, ha estado f\u00edsicamente en Estados Unidos al menos por 30 meses dentro de los 5 a\u00f1os anteriores a presentar la solicitud, ha estado viviendo continuadamente en Estados Unidos y no ha tenido ausencias extensas en el extranjero, puede aprobar un examen de ingl\u00e9s e historia \/ c\u00edvica estadounidenses (a menos que est\u00e9 exento de este examen), y es una persona de buen car\u00e1cter moral; O<\/li>\r\n\t<li>Usted ha sido residente permanente (titular de la Tarjeta Verde) al menos por 3 a\u00f1os, ha estado viviendo en uni\u00f3n marital con el mismo c\u00f3nyuge ciudadano de los EE.UU. durante ese tiempo, ha estado f\u00edsicamente presente en los EE.UU. al menos por 18 meses dentro de los 3 a\u00f1os antes de presentar la solicitud, no ha tenido ausencias extensas en el extranjero, puede aprobar un examen de ingl\u00e9s e historia \/c\u00edvica estadounidenses (a menos que est\u00e9 exento de este examen), y es una persona de buen car\u00e1cter moral.<\/li>\r\n<\/ol>\r\n<p>Hay excepciones a los requisitos de presencia f\u00edsica y residencia continua, por ejemplo, para los solicitantes con un empleo calificado en el extranjero. Ciertos solicitantes tambi\u00e9n pueden estar exentos del examen de ingl\u00e9s y\/o historia \/ c\u00edvica estadounidenses. Para saber si usted califica para solicitar la ciudadan\u00eda de los Estados Unidos, comun\u00edquese con nuestra oficina para acordar una consulta con uno de nuestros abogados.<\/p>\r\n<p>[\/vc_column_text][\/vc_column][\/vc_row]<\/p><\/div>","protected":false},"excerpt":{"rendered":"<p>La ciudadan\u00eda estadounidense se puede obtener al nacer o despu\u00e9s de nacer, si se cumplen determinados requisitos. Ciudadan\u00eda estadounidense al nacer o antes de cumplir 18 a\u00f1os<\/p>\n","protected":false},"author":1,"featured_media":0,"parent":455,"menu_order":5,"comment_status":"closed","ping_status":"closed","template":"","meta":{"footnotes":""},"class_list":["post-89","page","type-page","status-publish","hentry"],"_links":{"self":[{"href":"https:\/\/www.olmosbarhoumlaw.com\/es\/wp-json\/wp\/v2\/pages\/89","targetHints":{"allow":["GET"]}}],"collection":[{"href":"https:\/\/www.olmosbarhoumlaw.com\/es\/wp-json\/wp\/v2\/pages"}],"about":[{"href":"https:\/\/www.olmosbarhoumlaw.com\/es\/wp-json\/wp\/v2\/types\/page"}],"author":[{"embeddable":true,"href":"https:\/\/www.olmosbarhoumlaw.com\/es\/wp-json\/wp\/v2\/users\/1"}],"replies":[{"embeddable":true,"href":"https:\/\/www.olmosbarhoumlaw.com\/es\/wp-json\/wp\/v2\/comments?post=89"}],"version-history":[{"count":39,"href":"https:\/\/www.olmosbarhoumlaw.com\/es\/wp-json\/wp\/v2\/pages\/89\/revisions"}],"predecessor-version":[{"id":907,"href":"https:\/\/www.olmosbarhoumlaw.com\/es\/wp-json\/wp\/v2\/pages\/89\/revisions\/907"}],"up":[{"embeddable":true,"href":"https:\/\/www.olmosbarhoumlaw.com\/es\/wp-json\/wp\/v2\/pages\/455"}],"wp:attachment":[{"href":"https:\/\/www.olmosbarhoumlaw.com\/es\/wp-json\/wp\/v2\/media?parent=89"}],"curies":[{"name":"wp","href":"https:\/\/api.w.org\/{rel}","templated":true}]}}