{"id":88,"date":"2016-11-15T04:16:46","date_gmt":"2016-11-15T04:16:46","guid":{"rendered":"http:\/\/localhost\/olmosbarhoumlaw\/?page_id=88"},"modified":"2024-05-13T15:53:26","modified_gmt":"2024-05-13T23:53:26","slug":"waivers-of-inadmissibility","status":"publish","type":"page","link":"https:\/\/www.olmosbarhoumlaw.com\/es\/our-services\/waivers-of-inadmissibility\/","title":{"rendered":"Perd\u00f3n de inadmisibilidad"},"content":{"rendered":"<div class=\"wpb-content-wrapper\"><p>[vc_row][vc_column][vc_column_text]<\/p>\r\n<p><strong>PERDONES POR MOTIVOS DE INADMISIBILIDAD<\/strong><\/p>\r\n<p>Algunas personas que buscan solicitar la residencia permanente o un status migratorio temporal en los Estados Unidos no pueden hacerlo sin un perd\u00f3n debido a ciertas cuestiones que los hacen inadmisibles para los Estados Unidos.<\/p>\r\n<p><strong><span style=\"text-decoration: underline;\">\u00bfQu\u00e9 hace que una persona sea inadmisible?<\/span><\/strong><\/p>\r\n<p>Un solicitante de la residencia permanente (Tarjeta Verde) u otras visas \u200b\u200bpueden estar sujeto a inadmisibilidad y requerir la aprobaci\u00f3n de una aplicaci\u00f3n de\u00a0un perd\u00f3n antes de que puedan obtener el status inmigratorio que est\u00e1n buscando. La inadmisibilidad puede ocurrir debido a las siguientes cuestiones:<\/p>\r\n<ul>\r\n\t<li>Usted ha estado ilegalmente presente en los Estados Unidos por m\u00e1s de 6 meses (lo que resulta en una prohibici\u00f3n de ingreso por 3 a\u00f1os), o por 1 a\u00f1o o m\u00e1s (lo que resulta en una prohibici\u00f3n de ingreso por 10 a\u00f1os);<\/li>\r\n\t<li>Usted ha sido declarado culpable de un crimen que involucra vileza moral (CIMT), una violaci\u00f3n de drogas il\u00edcitas, prostituci\u00f3n u otras violaciones criminales;<\/li>\r\n\t<li>Usted ha tratado de obtener un beneficio de inmigraci\u00f3n de manera fraudulenta o al mentir sobre informaci\u00f3n necesaria en una aplicaci\u00f3n;<\/li>\r\n\t<li>Usted ha ayudado a alguien a entrar ilegalmente en los Estados Unidos (conocido como \u00abcontrabando\u00bb), incluso si la persona a la que ayud\u00f3 fue un familiar cercano;<\/li>\r\n\t<li>Usted tiene un trastorno f\u00edsico o mental con comportamiento da\u00f1ino asociado que representa o puede representar una amenaza a la propiedad, seguridad o bienestar de usted o de otros (tome nota de que el alcoholismo puede ser considerado un desorden mental bajo esta premisa);<\/li>\r\n\t<li>Usted tiene una determinada enfermedad contagiosa de importancia para la salud p\u00fablica.<\/li>\r\n<\/ul>\r\n<p>Los requisitos para una solicitud de <span lang=\"ES-AR\">p<\/span>erd\u00f3n var\u00edan dependiendo del motivo de inadmisibilidad que usted est\u00e1 buscando la exenci\u00f3n.\u00a0El\u00a0<span lang=\"ES-AR\">p<\/span>erd\u00f3n m\u00e1s com\u00fan debido a la presencia ilegal en EE.UU. y la consecuente prohibici\u00f3n de ingreso por 3 a\u00f1os y 10 a\u00f1os requiere demostrar que su c\u00f3nyuge o padre ciudadano de EE.UU o residente permanente sufrir\u00edan adversidades extremas si a usted le negaran la admisi\u00f3n a los Estados Unidos.<\/p>\r\n<p><strong><span style=\"text-decoration: underline;\">\u00bfPuedo permanecer en los Estados Unidos hasta que se apruebe mi <span lang=\"ES-AR\">p<\/span>erd\u00f3n?<\/span><\/strong><\/p>\r\n<p>Si la presencia ilegal es el \u00fanico motivo de inadmisibilidad, un solicitante puede ser elegible para presentar un pedido de exenci\u00f3n provisional y permanecer en los Estados Unidos mientras dicha solicitud est\u00e1 siendo procesada por USCIS. Una vez aprobado este <span lang=\"ES-AR\">p<\/span>erd\u00f3n, el solicitante deber\u00e1 viajar al consulado de los Estados Unidos en su pa\u00eds de origen para asistir a la entrevista de la visa y puede regresar inmediatamente despu\u00e9s de obtener la visa. Sin embargo, si una persona tiene la prohibici\u00f3n de ingreso por presencia ilegal junto con otros factores de inadmisibilidad, se le requerir\u00e1 permanecer fuera de los Estados Unidos hasta que se apruebe su solicitud del\u00a0<span lang=\"ES-AR\">p<\/span>erd\u00f3n y pueda obtener su visa en el consulado de los Estados Unidos en el extranjero.<\/p>\r\n<p>Ciertos perdones tambi\u00e9n est\u00e1n disponibles para individuos que est\u00e9n en procesos de deportaci\u00f3n en la Corte de Inmigraci\u00f3n y susceptibles de ser deportados.<\/p>\r\n<p>Para saber si usted califica para una solicitud de <span lang=\"ES-AR\">p<\/span>erd\u00f3n, por favor programe una consulta con uno de nuestros abogados.<\/p>\r\n<p>[\/vc_column_text][\/vc_column][\/vc_row]<\/p><\/div>","protected":false},"excerpt":{"rendered":"<p>Algunas personas que buscan solicitar la residencia permanente o un status inmigratorio temporal en los Estados Unidos no pueden hacerlo sin un perd\u00f3n<\/p>\n","protected":false},"author":1,"featured_media":0,"parent":455,"menu_order":4,"comment_status":"closed","ping_status":"closed","template":"","meta":{"footnotes":""},"class_list":["post-88","page","type-page","status-publish","hentry"],"_links":{"self":[{"href":"https:\/\/www.olmosbarhoumlaw.com\/es\/wp-json\/wp\/v2\/pages\/88","targetHints":{"allow":["GET"]}}],"collection":[{"href":"https:\/\/www.olmosbarhoumlaw.com\/es\/wp-json\/wp\/v2\/pages"}],"about":[{"href":"https:\/\/www.olmosbarhoumlaw.com\/es\/wp-json\/wp\/v2\/types\/page"}],"author":[{"embeddable":true,"href":"https:\/\/www.olmosbarhoumlaw.com\/es\/wp-json\/wp\/v2\/users\/1"}],"replies":[{"embeddable":true,"href":"https:\/\/www.olmosbarhoumlaw.com\/es\/wp-json\/wp\/v2\/comments?post=88"}],"version-history":[{"count":32,"href":"https:\/\/www.olmosbarhoumlaw.com\/es\/wp-json\/wp\/v2\/pages\/88\/revisions"}],"predecessor-version":[{"id":1038,"href":"https:\/\/www.olmosbarhoumlaw.com\/es\/wp-json\/wp\/v2\/pages\/88\/revisions\/1038"}],"up":[{"embeddable":true,"href":"https:\/\/www.olmosbarhoumlaw.com\/es\/wp-json\/wp\/v2\/pages\/455"}],"wp:attachment":[{"href":"https:\/\/www.olmosbarhoumlaw.com\/es\/wp-json\/wp\/v2\/media?parent=88"}],"curies":[{"name":"wp","href":"https:\/\/api.w.org\/{rel}","templated":true}]}}