{"id":86,"date":"2016-11-15T04:16:34","date_gmt":"2016-11-15T04:16:34","guid":{"rendered":"http:\/\/localhost\/olmosbarhoumlaw\/?page_id=86"},"modified":"2024-05-13T15:51:15","modified_gmt":"2024-05-13T23:51:15","slug":"family-based-immigration","status":"publish","type":"page","link":"https:\/\/www.olmosbarhoumlaw.com\/es\/our-services\/family-based-immigration\/","title":{"rendered":"Inmigraci\u00f3n basada en lazos familiares"},"content":{"rendered":"<div class=\"wpb-content-wrapper\"><p>[vc_row][vc_column][vc_column_text]<\/p>\r\n<h3><strong>PETICIONES DE INMIGRACI\u00d3N BASADA en LAZOS FAMILIARES, AJUSTE DE STATUS, Y TR\u00c1MITE CONSULAR<\/strong><\/h3>\r\n<p>Una de las maneras m\u00e1s comunes de conseguir la residencia permanente en Estados Unidos es a trav\u00e9s de un miembro de su familia quien sea ciudadano de EE.UU o residente permanente.<\/p>\r\n<p><span style=\"text-decoration: underline;\"><strong>Paso 1: Petici\u00f3n de Visa de Inmigrante <\/strong><\/span><\/p>\r\n<p>El primer paso para inmigrar al pa\u00eds trav\u00e9s de un miembro de su familia es que su pariente calificado presente una petici\u00f3n de visa de inmigrante en su nombre ante el Servicio de Ciudadan\u00eda e Inmigraci\u00f3n de Estados Unidos (USCIS). Las siguientes personas pueden ser beneficiarias de una petici\u00f3n de visa de inmigrante:<\/p>\r\n<ul>\r\n\t<li><strong>Familiares inmediatos de un ciudadano de Estados Unidos<\/strong>: esto incluye c\u00f3nyuges, hijos solteros menores de 21 a\u00f1os y padres (siempre y cuando el hijo o hija solicitante tenga m\u00e1s de 21 a\u00f1os de edad);<\/li>\r\n\t<li><strong>Otros familiares de un ciudadano de Estados Unidos<\/strong>: esto incluye a hijos solteros mayores de 21 a\u00f1os, hijos casados \u200b\u200bde cualquier edad, y hermanos de ciudadanos estadounidenses mayores de 21 a\u00f1os;<\/li>\r\n\t<li><strong>Familiares de un residente permanente<\/strong>: esto incluye a c\u00f3nyuges e hijos solteros del residente permanente que solicita;<\/li>\r\n\t<li><strong>Solicitantes de Categor\u00eda Especial<\/strong>: esto puede incluir a un c\u00f3nyuge o ni\u00f1o maltratado bajo la Ley de Violencia contra Mujeres (VAWA) o un\/a viudo\/a de un ciudadano estadounidense.<\/li>\r\n<\/ul>\r\n<p><span style=\"text-decoration: underline;\"><strong>Paso 2: Aplicaci\u00f3n para la residencia legal permanente mediante Ajuste de Status o Tr\u00e1mite Consular <\/strong><\/span><\/p>\r\n<p>Una vez que la petici\u00f3n de visa de inmigrante es aprobada por USCIS, ciertas personas son elegibles para solicitar la residencia permanente mientras est\u00e9 en los Estados Unidos (un proceso que se conoce como ajuste de status). Por ejemplo, los familiares inmediatos de ciudadanos estadounidenses que est\u00e1n presentes en los Estados Unidos pueden ser elegibles para presentar la petici\u00f3n de visa de inmigrante y la aplicaci\u00f3n de ajuste de status ante USCIS al mismo tiempo y obtener su residencia permanente sin salir del pa\u00eds. Los familiares de otras categor\u00edas tambi\u00e9n pueden ser elegibles para ajustar su status a residente permanente en los Estados Unidos si hay una visa de inmigrante disponible para ellos. Por favor, consulte el <a href=\"https:\/\/travel.state.gov\/content\/visas\/en\/law-and-policy\/bulletin.html\"><u>Bolet\u00edn de Visas del Departamento de Estado<\/u><\/a> de EE.UU. m\u00e1s actualizado para saber la disponibilidad de visas y fechas de prioridad.<\/p>\r\n<p>Las personas que no est\u00e1n presentes en los Estados Unidos o que no son elegibles para ajustar su status dentro del pa\u00eds tendr\u00e1n que solicitar una visa de inmigrante a trav\u00e9s de la embajada o consulado de los Estados Unidos en su pa\u00eds de origen. Despu\u00e9s de que la petici\u00f3n de visa de inmigrante del Paso 1 sea aprobada por USCIS, la petici\u00f3n es enviada al Centro Nacional de Visas. El solicitante debe entonces entregar una aplicaci\u00f3n de visa de inmigrante al Departamento de Estado de los Estados Unidos, junto con la documentaci\u00f3n de apoyo. El paso final es asistir a una entrevista por la visa en el consulado de los Estados Unidos en su pa\u00eds de origen y obtener la visa de inmigrante. Cuando ingrese a Estados Unidos con la visa de inmigrante, el solicitante recibir\u00e1 su Tarjeta Verde por correo en un par de semanas.<\/p>\r\n<p>Para determinar si usted es elegible para obtener una Tarjeta Verde (residencia permanente) a trav\u00e9s de un familiar, por favor <a href=\"http:\/\/www.olmosbarhoumlaw.com\/es\/contact-us\/\">cont\u00e1ctenos<\/a> para solicitar una consulta con uno de nuestros abogados.<\/p>\r\n<p>[\/vc_column_text][\/vc_column][\/vc_row]<\/p><\/div>","protected":false},"excerpt":{"rendered":"<p>Una de las maneras m\u00e1s comunes de conseguir la residencia permanente en Estados Unidos es a trav\u00e9s de un miembro de su familia quien<\/p>\n","protected":false},"author":1,"featured_media":0,"parent":455,"menu_order":2,"comment_status":"closed","ping_status":"closed","template":"","meta":{"footnotes":""},"class_list":["post-86","page","type-page","status-publish","hentry"],"_links":{"self":[{"href":"https:\/\/www.olmosbarhoumlaw.com\/es\/wp-json\/wp\/v2\/pages\/86","targetHints":{"allow":["GET"]}}],"collection":[{"href":"https:\/\/www.olmosbarhoumlaw.com\/es\/wp-json\/wp\/v2\/pages"}],"about":[{"href":"https:\/\/www.olmosbarhoumlaw.com\/es\/wp-json\/wp\/v2\/types\/page"}],"author":[{"embeddable":true,"href":"https:\/\/www.olmosbarhoumlaw.com\/es\/wp-json\/wp\/v2\/users\/1"}],"replies":[{"embeddable":true,"href":"https:\/\/www.olmosbarhoumlaw.com\/es\/wp-json\/wp\/v2\/comments?post=86"}],"version-history":[{"count":46,"href":"https:\/\/www.olmosbarhoumlaw.com\/es\/wp-json\/wp\/v2\/pages\/86\/revisions"}],"predecessor-version":[{"id":1036,"href":"https:\/\/www.olmosbarhoumlaw.com\/es\/wp-json\/wp\/v2\/pages\/86\/revisions\/1036"}],"up":[{"embeddable":true,"href":"https:\/\/www.olmosbarhoumlaw.com\/es\/wp-json\/wp\/v2\/pages\/455"}],"wp:attachment":[{"href":"https:\/\/www.olmosbarhoumlaw.com\/es\/wp-json\/wp\/v2\/media?parent=86"}],"curies":[{"name":"wp","href":"https:\/\/api.w.org\/{rel}","templated":true}]}}