{"id":94,"date":"2016-11-15T04:17:10","date_gmt":"2016-11-15T04:17:10","guid":{"rendered":"http:\/\/localhost\/olmosbarhoumlaw\/?page_id=94"},"modified":"2024-05-13T15:54:53","modified_gmt":"2024-05-13T23:54:53","slug":"deferred-action-special-immigrant","status":"publish","type":"page","link":"http:\/\/www.olmosbarhoumlaw.com\/es\/our-services\/deferred-action-special-immigrant\/","title":{"rendered":"Acci\u00f3n diferida &#038; j\u00f3venes inmigrantes"},"content":{"rendered":"<div class=\"wpb-content-wrapper\"><p>[vc_row][vc_column][vc_column_text]<\/p>\r\n<h3><strong>STATUS ESPECIAL DE LOS J\u00d3VENES INMIGRANTES Y ACCI\u00d3N DIFERIDA PARA ARRIBOS DE NI\u00d1OS<\/strong><\/h3>\r\n<p>Las personas que vienen a los Estados Unidos como ni\u00f1os y cumplen con ciertos requisitos pueden ser elegibles para obtener una forma especial de ayuda a su situaci\u00f3n inmigratoria que puede conducirlas a residencia permanente legal o proporcionarles permiso de trabajo y permiso para permanecer en los Estados Unidos sin estar sujeto a deportaci\u00f3n.<\/p>\r\n<ol>\r\n\t<li><span style=\"text-decoration: underline;\"><strong>Status Especial de Inmigrante Juvenil<\/strong><\/span><\/li>\r\n<\/ol>\r\n<p>Los ni\u00f1os no acompa\u00f1ados que vienen a los Estados Unidos debido al abandono, abuso o descuido de un padre\/madre en su pa\u00eds de origen pueden ser elegibles para solicitar Status Especial de Inmigrante Juvenil (conocido como \u201cSIJS\u201d) y posteriormente pedir la residencia permanente en los Estados Unidos.<\/p>\r\n<p>El primer paso es obtener un tutor legal para el menor a trav\u00e9s de un tribunal estatal, como un tribunal familiar o de sucesiones, y una orden judicial que declare que:<\/p>\r\n<ul>\r\n\t<li>El ni\u00f1o\/a no puede reunirse con un padre\/madre debido a abuso, abandono o descuido; y<\/li>\r\n\t<li>No est\u00e1 en el mejor inter\u00e9s del ni\u00f1o\/a volver a su pa\u00eds de origen.<\/li>\r\n<\/ul>\r\n<p>Una vez que la tutela y las declaraciones han sido establecidas por el juzgado estatal, el segundo paso es presentar una petici\u00f3n de Status Especial de Inmigrante Juvenil ante el Servicio de Inmigraci\u00f3n y Ciudadan\u00eda de los Estados Unidos (USCIS). El menor debe tener menos de 21 a\u00f1os al momento de presentar la petici\u00f3n, no puede estar casado al momento de la presentaci\u00f3n o cuando USCIS decida sobre la petici\u00f3n, y debe estar dentro de los Estados Unidos.<\/p>\r\n<p>Despu\u00e9s de la aprobaci\u00f3n de la petici\u00f3n, el menor puede ser elegible para solicitar la residencia permanente en los Estados Unidos. Sin embargo, \u00e9l o ella no podr\u00e1n presentar esta solicitud para sus padres despu\u00e9s de convertirse en residentes legales permanentes, incluso despu\u00e9s de la edad de 21 a\u00f1os.<\/p>\r\n<ol start=\"2\">\r\n\t<li><span style=\"text-decoration: underline;\"><strong>Acci\u00f3n Diferida para Arribos de Ni\u00f1os\/as (DACA)<\/strong><\/span><\/li>\r\n<\/ol>\r\n<p>Ciertas personas que llegaron a los Estados Unidos como ni\u00f1os menores de 16 a\u00f1os y est\u00e1n asistiendo a la escuela secundaria o se han graduado de la escuela secundaria en los Estados Unidos pueden ser elegibles para acci\u00f3n diferida (conocido como \u201cDACA\u201d) y permiso para trabajar legalmente por un per\u00edodo de dos a\u00f1os. \u00abAcci\u00f3n Diferida\u00bb no otorga status legal en los Estados Unidos; sin embargo, le otorga permiso a una persona para permanecer en los Estados Unidos sin estar sujeto a deportaci\u00f3n y con autorizaci\u00f3n para trabajar legalmente en los Estados Unidos.<\/p>\r\n<p>Para ser elegible para DACA debe cumplir con los siguientes requisitos:<\/p>\r\n<ul>\r\n\t<li>Usted ten\u00eda menos de 31 a\u00f1os de edad al 15 de junio de 2012;<\/li>\r\n\t<li>Usted vino a los Estados Unidos antes de cumplir 16 a\u00f1os;<\/li>\r\n\t<li>Usted ha residido continuamente en los Estados Unidos desde el 15 de junio de 2007 hasta la fecha actual;<\/li>\r\n\t<li>Usted estuvo f\u00edsicamente presente en los Estados Unidos el 15 de junio de 2012, y al momento de solicitar DACA ante USCIS;<\/li>\r\n\t<li>Usted no ten\u00eda status legal el 15 de junio de 2012;<\/li>\r\n\t<li>Usted est\u00e1 actualmente en la escuela, se ha graduado u obtuvo un certificado de terminaci\u00f3n de la escuela secundaria, ha obtenido un certificado de desarrollo de educaci\u00f3n general (GED), o es un veterano retirado con honores de la Guardia Costera o de las Fuerzas Armadas de los Estados Unidos;<\/li>\r\n\t<li>Usted no ha sido condenado por un delito grave, delito menor significativo, o tres o m\u00e1s delitos menores, y no representa una amenaza a la seguridad nacional o la seguridad p\u00fablica;<\/li>\r\n\t<li>Usted debe tener por lo menos 15 a\u00f1os de edad o m\u00e1s para solicitar DACA, a menos que est\u00e9 actualmente en un proceso de deportaci\u00f3n en la Corte de Inmigraci\u00f3n o que tenga una orden definitiva de deportaci\u00f3n o de salida voluntaria para la cual se aplican reglas diferentes.<\/li>\r\n<\/ul>\r\n<p>La acci\u00f3n diferida bajo el programa DACA puede renovarse sin limitaci\u00f3n, incluso si usted ya no est\u00e1 en la escuela, siempre y cuando cumpl\u00eda con los requisitos para el DACA inicial y usted:<\/p>\r\n<ul>\r\n\t<li>no sali\u00f3 de los Estados Unidos en o despu\u00e9s del 15 de agosto de 2012, sin permiso adelantado para viaje, como con un documento de permiso para viajar;<\/li>\r\n\t<li>ha vivido continuamente en los Estados Unidos hasta el momento actual, desde que present\u00f3 su solicitud m\u00e1s reciente al DACA y fue aprobada; y<\/li>\r\n\t<li>no ha sido condenado por un delito grave, un delito menor significativo o tres o m\u00e1s delitos menores, y no representa una amenaza a la seguridad nacional o la seguridad p\u00fablica.<\/li>\r\n<\/ul>\r\n<p>DACA no representa un camino hacia la residencia permanente o status legal como inmigrante; sin embargo, la capacidad de trabajar legalmente en los Estados Unidos y permanecer en los Estados Unidos sin ser sometidas a deportaci\u00f3n es un enorme beneficio para muchas personas que desean terminar sus estudios y ganarse la vida en los Estados Unidos.<\/p>\r\n<p>Para saber si usted o su hijo\/a califican para cualquiera de estas formas de ayuda inmigratoria, comun\u00edquese con nuestra oficina para programar una consulta con uno de nuestros abogados.<\/p>\r\n<p>[\/vc_column_text][\/vc_column][\/vc_row]<\/p><\/div>","protected":false},"excerpt":{"rendered":"<p>Las personas que vienen a los Estados Unidos como ni\u00f1os y cumplen con ciertos requisitos pueden ser elegibles para obtener una forma especial de ayuda a su situaci\u00f3n inmigratoria<\/p>\n","protected":false},"author":1,"featured_media":0,"parent":455,"menu_order":7,"comment_status":"closed","ping_status":"closed","template":"","meta":{"footnotes":""},"class_list":["post-94","page","type-page","status-publish","hentry"],"_links":{"self":[{"href":"http:\/\/www.olmosbarhoumlaw.com\/es\/wp-json\/wp\/v2\/pages\/94","targetHints":{"allow":["GET"]}}],"collection":[{"href":"http:\/\/www.olmosbarhoumlaw.com\/es\/wp-json\/wp\/v2\/pages"}],"about":[{"href":"http:\/\/www.olmosbarhoumlaw.com\/es\/wp-json\/wp\/v2\/types\/page"}],"author":[{"embeddable":true,"href":"http:\/\/www.olmosbarhoumlaw.com\/es\/wp-json\/wp\/v2\/users\/1"}],"replies":[{"embeddable":true,"href":"http:\/\/www.olmosbarhoumlaw.com\/es\/wp-json\/wp\/v2\/comments?post=94"}],"version-history":[{"count":30,"href":"http:\/\/www.olmosbarhoumlaw.com\/es\/wp-json\/wp\/v2\/pages\/94\/revisions"}],"predecessor-version":[{"id":1039,"href":"http:\/\/www.olmosbarhoumlaw.com\/es\/wp-json\/wp\/v2\/pages\/94\/revisions\/1039"}],"up":[{"embeddable":true,"href":"http:\/\/www.olmosbarhoumlaw.com\/es\/wp-json\/wp\/v2\/pages\/455"}],"wp:attachment":[{"href":"http:\/\/www.olmosbarhoumlaw.com\/es\/wp-json\/wp\/v2\/media?parent=94"}],"curies":[{"name":"wp","href":"https:\/\/api.w.org\/{rel}","templated":true}]}}