{"id":926,"date":"2019-09-28T02:14:43","date_gmt":"2019-09-28T10:14:43","guid":{"rendered":"http:\/\/www.olmosbarhoumlaw.com\/?page_id=926"},"modified":"2024-05-13T15:57:30","modified_gmt":"2024-05-13T23:57:30","slug":"divorce-child-custody-restraining-orders","status":"publish","type":"page","link":"http:\/\/www.olmosbarhoumlaw.com\/es\/our-services\/divorce-child-custody-restraining-orders\/","title":{"rendered":"Divorcio, Custodia de Ni\u00f1os, y Ordenes de Restricci\u00f3n"},"content":{"rendered":"<div class=\"wpb-content-wrapper\"><p>[vc_row][vc_column][vc_column_text]<\/p>\r\n<p>El fin de un matrimonio suele presentar varios desaf\u00edos emocionales y legales que pueden ser dif\u00edciles de navegar sin ayuda. En Olmos &amp; Barhoum APC, intentamos proveer el mejor apoyo legal durante cada paso del proceso.<\/p>\r\n<p><strong><u>Divorcio<\/u><\/strong><\/p>\r\n<p>Las tres maneras principales para terminar un matrimonio en California son a trav\u00e9s de divorcio, separaci\u00f3n legal, and anulaci\u00f3n. Cualquier c\u00f3nyuge puede decidir terminar el matrimonio, y el otro c\u00f3nyuge no puede detener el proceso al negarse a participar en el caso. Si un c\u00f3nyuge no participa en el proceso de divorcio (por ejemplo, no responde a la petici\u00f3n de divorcio), el otro c\u00f3nyuge puede obtener una orden por incomparecencia y el divorcio ser\u00e1 finalizado.<\/p>\r\n<p>El proceso de divorcio puede ser complicado cuando los c\u00f3nyuges necesitan dividir varios bienes despu\u00e9s de la separaci\u00f3n, como una casa u otras propiedades y cuentas financieras. A dem\u00e1s, si hay ni\u00f1os menores de edad involucrados, cada c\u00f3nyuge querr\u00e1 obtener derechos parentales en forma de custodia f\u00edsica y legal.<\/p>\r\n<p><strong><u>Custodia de Ni\u00f1os <\/u><\/strong><\/p>\r\n<p>En California, cualquier madre o padre puede tener custodia de los ni\u00f1os, o ambos padres pueden compartir la custodia. Solo existen dos tipos de custodia:<\/p>\r\n<ul>\r\n\t<li>Custodia legal, que se refiere a quien toma las decisiones importantes sobre los ni\u00f1os (como cuidado de salud, educaci\u00f3n, y el bien estar); y<\/li>\r\n\t<li>Custodia f\u00edsica, que se refiere a quien vive con los ni\u00f1os.<\/li>\r\n<\/ul>\r\n<p>Cada tipo de custodia puede ser \u00fanica de un solo padre o puede ser compartida por los dos padres.<\/p>\r\n<p>La custodia legal compartida les permite a los dos padres tener el derecho y la responsabilidad de tomar decisiones importantes sobre la salud, educaci\u00f3n, y bien estar de los ni\u00f1os. Estas decisiones pueden incluir, por ejemplo, eligiendo sobre los siguientes asuntos: escuela y guarder\u00eda; actividades y\/o instituciones religiosas; servicios psicol\u00f3gicos o psiqui\u00e1tricos, aconsejar\u00eda, o terapia; doctor, dentista, o ortodontista; deportes, campamento de verano, o actividades extracurriculares; y viajes.<\/p>\r\n<p>La custodia f\u00edsica tambi\u00e9n puede ser compartida, lo cual significa que los ni\u00f1os viven con cada madre\/padre por una cantidad de tiempo igual o casi igual cada mes. Si uno de los padres tiene la custodia f\u00edsica principal o \u00fanica, significa que los ni\u00f1os viven con este padre la mayor\u00eda del tiempo y el otro padre usualmente tiene visitas con los ni\u00f1os. El padre con visitas ser\u00e1 sujeto a una orden de visitaciones, y hay varios tipos de ordenes de visitaciones que le Corte de Familia puede emitir dependiendo de las circunstancias de los ni\u00f1os y padres. El padre con visitas tambi\u00e9n puede estar sujeto a pagar manutenci\u00f3n para los ni\u00f1os.<\/p>\r\n<p><strong><u>Ordenes de Restricci\u00f3n por Violencia Domestica<\/u><\/strong><\/p>\r\n<p>La violencia domestica puede ser violencia f\u00edsica, una amenaza de violencia f\u00edsica, o una tendencia de acosar a la otra persona. Por ejemplo, la violencia domestica puede ser en la forma de tirar las cosas, jalar el cabello, perseguir, acosar, asaltar sexualmente, entrar sin permiso a la casa o trabajo de la v\u00edctima, destruir o robar las pertenencias de la v\u00edctima, intimidar, o amenazar de hacer cualquiera de estos actos. El abuso puede ser verbal, escrito, emocional, o f\u00edsico.<\/p>\r\n<p>La v\u00edctima y el abusador deben de tener una relaci\u00f3n cercana (casados, divorciados, separados, novios o exnovios, conviviendo o anteriormente conviv\u00edan como pareja), o relaci\u00f3n parentesco (padre, hijo\/a, hermano\/a, abuelo\/a, o familiares pol\u00edticos).<\/p>\r\n<p>Si usted est\u00e1 siendo v\u00edctima de violencia dom\u00e9stica, puede obtener protecci\u00f3n inmediata al tramitar una orden temporaria de restricci\u00f3n (\u201cTRO\u201d) en la Corte de Familia. Un TRO puede incluir una orden de expulsi\u00f3n para remover a la persona abusiva de su hogar, una orden de alejamiento para prohibir a la persona abusiva de acercarse hacia usted, y ordenes de custodia y visitas para los ni\u00f1os. Una audiencia ser\u00e1 programada dentro de unas semanas despu\u00e9s de tramitar el TRO, en la cual el juez emitir\u00e1 ordenes permanentes.<\/p>\r\n<p>Para m\u00e1s informaci\u00f3n sobre divorcio, custodia de ni\u00f1os, u ordenes de restricci\u00f3n, por favor programe una consulta con una de las abogadas.<\/p>\r\n<p>[\/vc_column_text][\/vc_column][\/vc_row]<\/p><\/div>","protected":false},"excerpt":{"rendered":"<p>[vc_row][vc_column][vc_column_text] El fin de un matrimonio suele presentar varios desaf\u00edos emocionales y legales que pueden ser dif\u00edciles de navegar sin ayuda. En Olmos &amp; Barhoum APC, intentamos proveer el mejor apoyo legal durante cada paso del proceso. Divorcio Las tres maneras principales para terminar un matrimonio en California son a trav\u00e9s de divorcio, separaci\u00f3n legal, [&hellip;]<\/p>\n","protected":false},"author":1,"featured_media":0,"parent":455,"menu_order":7,"comment_status":"closed","ping_status":"closed","template":"","meta":{"footnotes":""},"class_list":["post-926","page","type-page","status-publish","hentry"],"_links":{"self":[{"href":"http:\/\/www.olmosbarhoumlaw.com\/es\/wp-json\/wp\/v2\/pages\/926","targetHints":{"allow":["GET"]}}],"collection":[{"href":"http:\/\/www.olmosbarhoumlaw.com\/es\/wp-json\/wp\/v2\/pages"}],"about":[{"href":"http:\/\/www.olmosbarhoumlaw.com\/es\/wp-json\/wp\/v2\/types\/page"}],"author":[{"embeddable":true,"href":"http:\/\/www.olmosbarhoumlaw.com\/es\/wp-json\/wp\/v2\/users\/1"}],"replies":[{"embeddable":true,"href":"http:\/\/www.olmosbarhoumlaw.com\/es\/wp-json\/wp\/v2\/comments?post=926"}],"version-history":[{"count":6,"href":"http:\/\/www.olmosbarhoumlaw.com\/es\/wp-json\/wp\/v2\/pages\/926\/revisions"}],"predecessor-version":[{"id":1040,"href":"http:\/\/www.olmosbarhoumlaw.com\/es\/wp-json\/wp\/v2\/pages\/926\/revisions\/1040"}],"up":[{"embeddable":true,"href":"http:\/\/www.olmosbarhoumlaw.com\/es\/wp-json\/wp\/v2\/pages\/455"}],"wp:attachment":[{"href":"http:\/\/www.olmosbarhoumlaw.com\/es\/wp-json\/wp\/v2\/media?parent=926"}],"curies":[{"name":"wp","href":"https:\/\/api.w.org\/{rel}","templated":true}]}}