{"id":87,"date":"2016-11-15T04:16:38","date_gmt":"2016-11-15T04:16:38","guid":{"rendered":"http:\/\/localhost\/olmosbarhoumlaw\/?page_id=87"},"modified":"2024-05-13T15:52:08","modified_gmt":"2024-05-13T23:52:08","slug":"humanitarian-relief","status":"publish","type":"page","link":"http:\/\/www.olmosbarhoumlaw.com\/es\/our-services\/humanitarian-relief\/","title":{"rendered":"Ayuda humanitaria"},"content":{"rendered":"<div class=\"wpb-content-wrapper\"><p>[vc_row][vc_column][vc_column_text]<\/p>\r\n<h3><strong>ASILO Y VISAS PARA V\u00cdCTIMAS DE CR\u00cdMENES Y ABUSO<\/strong><\/h3>\r\n<p>La ley de Inmigraci\u00f3n de Estados Unidos ofrece varias formas de ayuda a v\u00edctimas que han sufrido de persecuci\u00f3n, violencia, o abuso en su pa\u00eds de origen o en los Estados Unidos. Estas formas de ayuda est\u00e1n disponibles para peticiones ante el Servicio de Ciudadan\u00eda e Inmigraci\u00f3n de los Estados Unidos (USCIS) o para defensa contra procesos de deportaci\u00f3n ante la Corte de Inmigraci\u00f3n.<\/p>\r\n<p><span style=\"text-decoration: underline;\"><strong>Asilo<\/strong><\/span><\/p>\r\n<p>Si usted teme retornar a su pa\u00eds de origen por haber sufrido da\u00f1os all\u00ed o debido a las condiciones peligrosas de ese pa\u00eds, usted es elegible para solicitar asilo. Una concesi\u00f3n de asilo en Estados Unidos permite a las personas permanecer legalmente en Estados Unidos para protegerse de la persecuci\u00f3n en su pa\u00eds de origen.<\/p>\r\n<p><strong>\u00bfQu\u00e9 es persecuci\u00f3n?<\/strong><\/p>\r\n<p>La persecuci\u00f3n puede tener muchas formas <code>--<\/code>violencia f\u00edsica, abuso sexual o violencia dom\u00e9stica, violaci\u00f3n, amenazas de muerte, detenci\u00f3n, extorsi\u00f3n y otros tipos de violencia <code>--<\/code>por las que el gobierno de su pa\u00eds no est\u00e1 dispuesto o no puede ofrecerle protecci\u00f3n.<\/p>\r\n<p>Adem\u00e1s, la persecuci\u00f3n que usted teme vivir en su pa\u00eds de origen tiene que estar basada en una caracter\u00edstica distintiva como su raza, religi\u00f3n, nacionalidad, orientaci\u00f3n sexual, opini\u00f3n pol\u00edtica o\u00a0 pertenencia a un determinado grupo social.<\/p>\r\n<p>Si recibe asilo, usted ser\u00e1 elegible para solicitar la residencia permanente en los Estados Unidos despu\u00e9s de un a\u00f1o.<\/p>\r\n<p><span style=\"text-decoration: underline;\"><strong>Visas para v\u00edctimas de cr\u00edmenes violentos<\/strong><\/span><\/p>\r\n<p>Si usted ha sido v\u00edctima de un crimen violento en los Estados Unidos, como una agresi\u00f3n grave, violaci\u00f3n, abuso sexual, violencia dom\u00e9stica, extorsi\u00f3n, prisi\u00f3n ilegal, secuestro u otros cr\u00edmenes graves que le han causado un substancial sufrimiento f\u00edsico o psicol\u00f3gico, usted es elegible para solicitar una visa U.<\/p>\r\n<p>El crimen tiene que haber sido informado a la polic\u00eda y usted tiene que haber ayudado o intentado ayudar en la investigaci\u00f3n o en el juicio del crimen. Como requisito previo a presentar la solicitud de visa U, usted debe obtener una certificaci\u00f3n de su ayuda del Departamento de Polic\u00eda que emiti\u00f3 el informe del crimen o de la Oficina del Fiscal del Distrito que proces\u00f3 el delito.<\/p>\r\n<p>Despu\u00e9s de vivir con la visa U en Estados Unidos por tres a\u00f1os, usted es elegible para solicitar la residencia permanente.<\/p>\r\n<p><span style=\"text-decoration: underline;\"><strong>Residencia permanente para esposos, ni\u00f1os, y padres abusados <\/strong><\/span><\/p>\r\n<p>Si usted ha sido abusado por su c\u00f3nyuge estadounidense, o por su padre o madre, hijo\/a estadounidenses, puede ser elegible para presentar una petici\u00f3n de visa de inmigrante bajo la Ley de Violencia contra la Mujer (VAWA). Los c\u00f3nyuges abusados \u200b\u200by los hijos de residentes permanentes estadounidenses tambi\u00e9n son elegibles para presentar esta petici\u00f3n. Usted tiene que haber vivido con su pariente abusivo y debe ser una persona de buen car\u00e1cter moral. El abuso debe elevarse al nivel de \u00abagresi\u00f3n o crueldad extrema\u00bb, que incluye cualquier acto o amenaza de violencia que resulte en da\u00f1o f\u00edsico o mental.<\/p>\r\n<p>Una vez aprobada la petici\u00f3n de visa de inmigrante, usted es inmediatamente elegible para solicitar la residencia permanente en los Estados Unidos.<\/p>\r\n<p>Para obtener m\u00e1s informaci\u00f3n sobre estas ayudas humanitarias para la inmigraci\u00f3n, llame a nuestra oficina para acordar una consulta con uno de nuestros abogados.<\/p>\r\n<p>[\/vc_column_text][\/vc_column][\/vc_row]<\/p><\/div>","protected":false},"excerpt":{"rendered":"<p>La ley de Inmigraci\u00f3n de Estados Unidos ofrece varias formas de ayuda a v\u00edctimas que han sufrido de persecuci\u00f3n, violencia, o abuso en su pa\u00eds de origen o en Estados Unidos<\/p>\n","protected":false},"author":1,"featured_media":0,"parent":455,"menu_order":3,"comment_status":"closed","ping_status":"closed","template":"","meta":{"footnotes":""},"class_list":["post-87","page","type-page","status-publish","hentry"],"_links":{"self":[{"href":"http:\/\/www.olmosbarhoumlaw.com\/es\/wp-json\/wp\/v2\/pages\/87","targetHints":{"allow":["GET"]}}],"collection":[{"href":"http:\/\/www.olmosbarhoumlaw.com\/es\/wp-json\/wp\/v2\/pages"}],"about":[{"href":"http:\/\/www.olmosbarhoumlaw.com\/es\/wp-json\/wp\/v2\/types\/page"}],"author":[{"embeddable":true,"href":"http:\/\/www.olmosbarhoumlaw.com\/es\/wp-json\/wp\/v2\/users\/1"}],"replies":[{"embeddable":true,"href":"http:\/\/www.olmosbarhoumlaw.com\/es\/wp-json\/wp\/v2\/comments?post=87"}],"version-history":[{"count":42,"href":"http:\/\/www.olmosbarhoumlaw.com\/es\/wp-json\/wp\/v2\/pages\/87\/revisions"}],"predecessor-version":[{"id":1037,"href":"http:\/\/www.olmosbarhoumlaw.com\/es\/wp-json\/wp\/v2\/pages\/87\/revisions\/1037"}],"up":[{"embeddable":true,"href":"http:\/\/www.olmosbarhoumlaw.com\/es\/wp-json\/wp\/v2\/pages\/455"}],"wp:attachment":[{"href":"http:\/\/www.olmosbarhoumlaw.com\/es\/wp-json\/wp\/v2\/media?parent=87"}],"curies":[{"name":"wp","href":"https:\/\/api.w.org\/{rel}","templated":true}]}}