{"id":8,"date":"2016-11-03T06:19:06","date_gmt":"2016-11-03T06:19:06","guid":{"rendered":"http:\/\/localhost\/olmosbarhoumlaw\/?page_id=8"},"modified":"2026-01-03T16:00:05","modified_gmt":"2026-01-04T00:00:05","slug":"about-us","status":"publish","type":"page","link":"http:\/\/www.olmosbarhoumlaw.com\/es\/about-us\/","title":{"rendered":"NUESTRO EQUIPO"},"content":{"rendered":"<div class=\"wpb-content-wrapper\"><p>[vc_row css=\u00bb.vc_custom_1480580205073{margin-bottom: 35px !important;}\u00bb el_class=\u00bbequalheight\u00bb][vc_column width=\u00bb1\/2&#8243; el_class=\u00bbmlbox\u00bb][vc_single_image image=\u00bb1011&#8243; img_size=\u00bbfull\u00bb alignment=\u00bbcenter\u00bb style=\u00bbvc_box_outline\u00bb css=\u00bb.vc_custom_1648567409564{margin-right: 15px !important;}\u00bb][vc_column_text css=\u00bb\u00bb]<\/p>\r\n<p style=\"text-align: center;\"><strong><span style=\"font-size: 18px; color: #1e1757;\">Ann Barhoum<\/span><\/strong><\/p>\r\n<p style=\"text-align: center;\"><strong>Co-Fundadora y Abogada Gerente<\/strong><\/p>\r\n<p>La abogada Ann Barhoum se especializa en inmigraci\u00f3n y en derecho de familia, y es mediadora certificada. Ann obtuvo su primer t\u00edtulo de la Universidad Duke y su Maestr\u00eda en Literatura inglesa de la Universidad de Notre Dame de Namur. Recibi\u00f3 su t\u00edtulo de abogada de la Escuela de Leyes de San Francisco y es miembro del Colegio de Abogados del Estado de California. Tambi\u00e9n ha sido admitida para litigar ante la Corte de Apelaciones de Estados Unidos, Noveno y Sexto Circuitos. Ann es miembro de Asociaci\u00f3n Americana de Abogados de Inmigraci\u00f3n (AILA).<\/p>\r\n<p>Antes de ser abogada, Ann se desempe\u00f1\u00f3 en posiciones ejecutivas para organizaciones sin fines de lucro, abordando asuntos en el Medio Oriente. Ella tiene un profundo conocimiento del Medio Oriente y ha ense\u00f1ado cursos sobre la materia en la Universidad de Stanford. Tambi\u00e9n ha sido profesora de Ingl\u00e9s y Estudios Sociales en la escuela secundaria. Ella disfruta trabajando con personas de todas las edades, ayud\u00e1ndolas a lograr sus prop\u00f3sitos.<\/p>\r\n<p>Como la esposa de un inmigrante, Ann tiene un gran conocimiento personal de los asuntos que afectan a los inmigrantes. Ha tenido muchos \u00e9xitos en su carrera legal y recientemente gano un argumento oral en la Corte de Apelaciones de Estados Unidos, Sexto Circuito en el 2015. Haga click <a href=\"http:\/\/www.opn.ca6.uscourts.gov\/opinions.pdf\/16a0004p-06.pdf\">aqu\u00ed <\/a>\u00a0para conocer m\u00e1s sobre esta caso.<\/p>\r\n<p>Despu\u00e9s de trabajar en una firma de abogados especializados en inmigraci\u00f3n, Ann decidi\u00f3 abrir su propia firma con la abogada y anterior socia\/co-fundadora Ana Belen Olmos y as\u00ed combinar sus experticias en derecho de inmigraci\u00f3n y en derecho de familia. Ann est\u00e1 comprometida a brindar asesoramiento legal experto con sensibilidad y compasi\u00f3n para sus clientes.<\/p>\r\n<p>[\/vc_column_text][\/vc_column][\/vc_row]<\/p><\/div>","protected":false},"excerpt":{"rendered":"<p>[vc_row css=\u00bb.vc_custom_1480580205073{margin-bottom: 35px !important;}\u00bb el_class=\u00bbequalheight\u00bb][vc_column width=\u00bb1\/2&#8243; el_class=\u00bbmlbox\u00bb][vc_single_image image=\u00bb1011&#8243; img_size=\u00bbfull\u00bb alignment=\u00bbcenter\u00bb style=\u00bbvc_box_outline\u00bb css=\u00bb.vc_custom_1648567409564{margin-right: 15px !important;}\u00bb][vc_column_text css=\u00bb\u00bb] Ann Barhoum Co-Fundadora y Abogada Gerente La abogada Ann Barhoum se especializa en inmigraci\u00f3n y en derecho de familia, y es mediadora certificada. Ann obtuvo su primer t\u00edtulo de la Universidad Duke y su Maestr\u00eda en Literatura inglesa de la [&hellip;]<\/p>\n","protected":false},"author":1,"featured_media":0,"parent":0,"menu_order":0,"comment_status":"closed","ping_status":"closed","template":"","meta":{"footnotes":""},"class_list":["post-8","page","type-page","status-publish","hentry"],"_links":{"self":[{"href":"http:\/\/www.olmosbarhoumlaw.com\/es\/wp-json\/wp\/v2\/pages\/8","targetHints":{"allow":["GET"]}}],"collection":[{"href":"http:\/\/www.olmosbarhoumlaw.com\/es\/wp-json\/wp\/v2\/pages"}],"about":[{"href":"http:\/\/www.olmosbarhoumlaw.com\/es\/wp-json\/wp\/v2\/types\/page"}],"author":[{"embeddable":true,"href":"http:\/\/www.olmosbarhoumlaw.com\/es\/wp-json\/wp\/v2\/users\/1"}],"replies":[{"embeddable":true,"href":"http:\/\/www.olmosbarhoumlaw.com\/es\/wp-json\/wp\/v2\/comments?post=8"}],"version-history":[{"count":108,"href":"http:\/\/www.olmosbarhoumlaw.com\/es\/wp-json\/wp\/v2\/pages\/8\/revisions"}],"predecessor-version":[{"id":1052,"href":"http:\/\/www.olmosbarhoumlaw.com\/es\/wp-json\/wp\/v2\/pages\/8\/revisions\/1052"}],"wp:attachment":[{"href":"http:\/\/www.olmosbarhoumlaw.com\/es\/wp-json\/wp\/v2\/media?parent=8"}],"curies":[{"name":"wp","href":"https:\/\/api.w.org\/{rel}","templated":true}]}}